{"id":19361,"date":"2025-11-27T22:06:18","date_gmt":"2025-11-27T19:06:18","guid":{"rendered":"https:\/\/iscoksa.com\/product\/deco-x50-poe3-pack\/"},"modified":"2026-03-24T09:19:23","modified_gmt":"2026-03-24T06:19:23","slug":"deco-x50-poe3-pack","status":"publish","type":"product","link":"https:\/\/iscoksa.com\/en\/product\/deco-x50-poe3-pack\/","title":{"rendered":"Deco X50-PoE(3-pack)"},"content":{"rendered":"<p>\u0646\u0638\u0627\u0645 TP-Link Deco X50-PoE (3-pack) \u0647\u0648 \u0646\u0638\u0627\u0645 \u0634\u0628\u0643\u0629 \u0648\u0627\u064a \u0641\u0627\u064a 6 (Wi-Fi 6) \u0645\u0646\u0632\u0644\u064a \u0645\u062a\u0643\u0627\u0645\u0644 \u064a\u0648\u0641\u0631 \u062a\u063a\u0637\u064a\u0629 \u0648\u0627\u0633\u0639\u0629 \u0648\u0633\u0631\u0639\u0627\u062a \u0639\u0627\u0644\u064a\u0629 \u0645\u0639 \u062f\u0639\u0645 \u062a\u0642\u0646\u064a\u0629 \u0627\u0644\u0637\u0627\u0642\u0629 \u0639\u0628\u0631 \u0627\u0644\u0625\u064a\u062b\u0631\u0646\u062a (PoE) \u0644\u062a\u0633\u0647\u064a\u0644 \u0627\u0644\u062a\u0631\u0643\u064a\u0628.<br \/>\n\u0627\u0644\u0645\u0648\u0627\u0635\u0641\u0627\u062a \u0648\u0627\u0644\u0645\u064a\u0632\u0627\u062a \u0627\u0644\u0631\u0626\u064a\u0633\u064a\u0629<br \/>\n\u0627\u0644\u0645\u064a\u0632\u0629 \t\u0627\u0644\u062a\u0641\u0627\u0635\u064a\u0644<br \/>\n\u062a\u0642\u0646\u064a\u0629 \u0627\u0644\u0648\u0627\u064a \u0641\u0627\u064a\tWi-Fi 6 (802.11ax)<br \/>\n\u0633\u0631\u0639\u0629 \u0627\u0644\u0648\u0627\u064a \u0641\u0627\u064a\tAX3000 \u0627\u0644\u0643\u0644\u064a\u0629: 2402 \u0645\u064a\u062c\u0627\u0628\u062a \u0641\u064a \u0627\u0644\u062b\u0627\u0646\u064a\u0629 \u0639\u0644\u0649 \u0646\u0637\u0627\u0642 5 \u062c\u064a\u062c\u0627\u0647\u0631\u062a\u0632 + 574 \u0645\u064a\u062c\u0627\u0628\u062a \u0641\u064a \u0627\u0644\u062b\u0627\u0646\u064a\u0629 \u0639\u0644\u0649 \u0646\u0637\u0627\u0642 2.4 \u062c\u064a\u062c\u0627\u0647\u0631\u062a\u0632<br \/>\n\u0627\u0644\u062a\u063a\u0637\u064a\u0629\t\u062a\u0635\u0644 \u0625\u0644\u0649 600 \u0645\u062a\u0631 \u0645\u0631\u0628\u0639 (6500 \u0642\u062f\u0645 \u0645\u0631\u0628\u0639) \u0645\u0639 \u0627\u0644\u0639\u0628\u0648\u0629 \u0627\u0644\u0645\u0643\u0648\u0646\u0629 \u0645\u0646 3 \u0648\u062d\u062f\u0627\u062a<br \/>\n\u0627\u0644\u0623\u062c\u0647\u0632\u0629 \u0627\u0644\u0645\u062a\u0635\u0644\u0629\t\u064a\u062f\u0639\u0645 \u062a\u0648\u0635\u064a\u0644 \u0623\u0643\u062b\u0631 \u0645\u0646 150 \u062c\u0647\u0627\u0632\u064b\u0627<br \/>\n\u0627\u0644\u0645\u0646\u0627\u0641\u0630 (\u0644\u0643\u0644 \u0648\u062d\u062f\u0629)\t2 \u00d7 \u0645\u0646\u0641\u0630 \u0625\u064a\u062b\u0631\u0646\u062a\u060c \u0623\u062d\u062f\u0647\u0645\u0627 2.5 \u062c\u064a\u062c\u0627\u0628\u062a \u0641\u064a \u0627\u0644\u062b\u0627\u0646\u064a\u0629 \u0648\u0627\u0644\u0622\u062e\u0631 \u062c\u064a\u062c\u0627\u0628\u062a \u0639\u0627\u062f\u064a\u060c \u0645\u0639 \u0627\u0633\u062a\u0634\u0639\u0627\u0631 \u062a\u0644\u0642\u0627\u0626\u064a \u0644\u0640 WAN\/LAN<br \/>\n\u062f\u0639\u0645 PoE\t\u064a\u062f\u0639\u0645 \u062a\u0642\u0646\u064a\u0629 \u0627\u0644\u0637\u0627\u0642\u0629 \u0639\u0628\u0631 \u0627\u0644\u0625\u064a\u062b\u0631\u0646\u062a (IEEE 802.3af\/at)\u060c \u0645\u0645\u0627 \u064a\u0633\u0645\u062d \u0628\u062a\u0632\u0648\u064a\u062f \u0627\u0644\u0637\u0627\u0642\u0629 \u0648\u0627\u0644\u0628\u064a\u0627\u0646\u0627\u062a \u0639\u0628\u0631 \u0643\u0627\u0628\u0644 \u0625\u064a\u062b\u0631\u0646\u062a \u0648\u0627\u062d\u062f<br \/>\n\u0646\u0648\u0639 \u0627\u0644\u0647\u0648\u0627\u0626\u064a\t\u0647\u0648\u0627\u0626\u064a\u0627\u062a \u062f\u0627\u062e\u0644\u064a\u0629 \u0639\u0627\u0644\u064a\u0629 \u0627\u0644\u0623\u062f\u0627\u0621<br \/>\n\u0645\u064a\u0632\u0627\u062a \u0627\u0644\u0634\u0628\u0643\u0629\t\u0634\u0628\u0643\u0629 AI-Driven Mesh (\u0645\u062f\u0639\u0648\u0645\u0629 \u0628\u0627\u0644\u0630\u0643\u0627\u0621 \u0627\u0644\u0627\u0635\u0637\u0646\u0627\u0639\u064a) \u0644\u062a\u0648\u0641\u064a\u0631 \u062a\u063a\u0637\u064a\u0629 \u0633\u0644\u0633\u0629 \u0648\u0645\u062b\u0627\u0644\u064a\u0629\u060c \u0648\u062f\u0639\u0645 MU-MIMO \u0648 OFDMA \u0648 Beamforming<br \/>\n\u0627\u0644\u0623\u0645\u0627\u0646 \u0648\u0625\u062f\u0627\u0631\u0629 \u0627\u0644\u0634\u0628\u0643\u0629\tTP-Link HomeShield (\u064a\u062a\u0636\u0645\u0646 \u062d\u0645\u0627\u064a\u0629 IoT \u0641\u064a \u0627\u0644\u0648\u0642\u062a \u0627\u0644\u0641\u0639\u0644\u064a\u060c \u0648\u0623\u062f\u0648\u0627\u062a \u0631\u0642\u0627\u0628\u0629 \u0623\u0628\u0648\u064a\u0629 \u0642\u0648\u064a\u0629\u060c \u0648\u062c\u062f\u0627\u0631 \u062d\u0645\u0627\u064a\u0629 SPI\u060c \u0648 QoS)<br \/>\n\u0637\u0631\u0642 \u0627\u0644\u062a\u0631\u0643\u064a\u0628\t\u0645\u0631\u0648\u0646\u0629 \u0641\u064a \u0627\u0644\u062a\u0631\u0643\u064a\u0628: \u064a\u0645\u0643\u0646 \u0648\u0636\u0639\u0647 \u0639\u0644\u0649 \u0633\u0637\u062d \u0637\u0627\u0648\u0644\u0629 \u0623\u0648 \u062a\u062b\u0628\u064a\u062a\u0647 \u0639\u0644\u0649 \u0627\u0644\u0633\u0642\u0641 \u0623\u0648 \u0627\u0644\u062d\u0627\u0626\u0637 \u0628\u0627\u0633\u062a\u062e\u062f\u0627\u0645 \u0627\u0644\u0645\u0644\u062d\u0642\u0627\u062a \u0627\u0644\u0645\u0631\u0641\u0642\u0629<br \/>\n\u0625\u062f\u0627\u0631\u0629 \u0627\u0644\u062c\u0647\u0627\u0632\t\u0639\u0628\u0631 \u062a\u0637\u0628\u064a\u0642 Deco \u0627\u0644\u0633\u0647\u0644 \u0639\u0644\u0649 \u0646\u0638\u0627\u0645\u064a iOS \u0648 Android<br \/>\n\u064a\u062a\u0645\u064a\u0632 \u0647\u0630\u0627 \u0627\u0644\u0646\u0638\u0627\u0645 \u0628\u0642\u062f\u0631\u062a\u0647 \u0639\u0644\u0649 \u062a\u0648\u0641\u064a\u0631 \u0623\u062f\u0627\u0621 \u0641\u0627\u0626\u0642 \u0644\u0644\u0634\u0628\u0643\u0627\u062a \u0627\u0644\u0633\u0644\u0643\u064a\u0629 \u0628\u0641\u0636\u0644 \u0645\u0646\u0641\u0630 2.5 \u062c\u064a\u062c\u0627\u0628\u062a \u0641\u064a \u0627\u0644\u062b\u0627\u0646\u064a\u0629\u060c \u0648\u0647\u0648 \u0645\u062b\u0627\u0644\u064a \u0644\u0644\u0645\u0646\u0627\u0632\u0644 \u0627\u0644\u0630\u0643\u064a\u0629 \u0627\u0644\u062a\u064a \u062a\u062d\u062a\u0648\u064a \u0639\u0644\u0649 \u0627\u0644\u0639\u062f\u064a\u062f \u0645\u0646 \u0627\u0644\u0623\u062c\u0647\u0632\u0629 \u0627\u0644\u0645\u062a\u0635\u0644\u0629 \u0648\u064a\u062a\u0637\u0644\u0628 \u0645\u0631\u0648\u0646\u0629 \u0641\u064a \u0623\u0645\u0627\u0643\u0646 \u0648\u0636\u0639 \u0648\u062d\u062f\u0627\u062a \u0627\u0644\u0648\u0627\u064a \u0641\u0627\u064a. <\/p>","protected":false},"excerpt":{"rendered":"<p>AX3000 Whole Home Mesh Wi-Fi 6 System with PoE<br \/>\nSPEED: 574 Mbps at 2.4 GHz + 2402 Mbps at 5 GHz<br \/>\nSPEC: 4\u00d7 Internal Antennas, 1\u00d7 2.5 Gigabit Port + 1\u00d7 Gigabit Port (WAN\/LAN auto-sensing), PoE and DC Power Supply<br \/>\nFEATURE: Deco App, Router\/AP Mode, IPv6, IPTV, HomeShield (Parental Controls, Antivirus, QoS, Reports), OFDMA, MU-MIMO, 1024-QAM, HE160, WPA3, Beamforming, Alexa Supported, Multi-Scenario(Ceiling Mount, Wall Mount, Tabletop)<\/p>","protected":false},"featured_media":0,"template":"","meta":[],"product_brand":[],"product_cat":[325],"product_tag":[131,322,320,323,321],"class_list":{"0":"post-19361","1":"product","2":"type-product","3":"status-publish","5":"product_cat-325","6":"product_tag-isco","7":"product_tag-mesh","8":"product_tag-network","9":"product_tag-signal-booster","10":"product_tag-wifi","12":"first","13":"instock","14":"sale","15":"shipping-taxable","16":"purchasable","17":"product-type-simple"},"_links":{"self":[{"href":"https:\/\/iscoksa.com\/en\/wp-json\/wp\/v2\/product\/19361","targetHints":{"allow":["GET"]}}],"collection":[{"href":"https:\/\/iscoksa.com\/en\/wp-json\/wp\/v2\/product"}],"about":[{"href":"https:\/\/iscoksa.com\/en\/wp-json\/wp\/v2\/types\/product"}],"version-history":[{"count":0,"href":"https:\/\/iscoksa.com\/en\/wp-json\/wp\/v2\/product\/19361\/revisions"}],"wp:attachment":[{"href":"https:\/\/iscoksa.com\/en\/wp-json\/wp\/v2\/media?parent=19361"}],"wp:term":[{"taxonomy":"product_brand","embeddable":true,"href":"https:\/\/iscoksa.com\/en\/wp-json\/wp\/v2\/product_brand?post=19361"},{"taxonomy":"product_cat","embeddable":true,"href":"https:\/\/iscoksa.com\/en\/wp-json\/wp\/v2\/product_cat?post=19361"},{"taxonomy":"product_tag","embeddable":true,"href":"https:\/\/iscoksa.com\/en\/wp-json\/wp\/v2\/product_tag?post=19361"}],"curies":[{"name":"wp","href":"https:\/\/api.w.org\/{rel}","templated":true}]}}